{"id":15267,"date":"2026-03-21T02:01:09","date_gmt":"2026-03-21T01:01:09","guid":{"rendered":"https:\/\/balkanplay.net\/?post_type=product&#038;p=15267"},"modified":"2026-03-21T04:51:37","modified_gmt":"2026-03-21T03:51:37","slug":"premium-max-12-mjeseci","status":"publish","type":"product","link":"https:\/\/balkanplay.net\/en\/product\/premium-max-12-mjeseci\/","title":{"rendered":"Premium MAX | 12 Mjeseci"},"content":{"rendered":"<p><strong>&#8211; Vo\u0111enje paketa digitalne usluge<\/strong><br \/>\n<strong>&#8211; Redovito a\u017euriranje<\/strong><br \/>\n<strong>&#8211; Tehni\u010dki nadzor<\/strong><br \/>\n<strong>&#8211; Optimizacija<\/strong><br \/>\n<strong>&#8211; Backup-ovi<\/strong><br \/>\n<strong>&#8211; Podr\u0161ka<\/strong><\/p>\n<p>Trajanje:<strong> 12 mjeseci<\/strong><\/p>\n<p>Napomena: <strong>Digitalna usluga, nije potrebna fizi\u010dka dostava.<\/strong><\/p>","protected":false},"excerpt":{"rendered":"<p>Premium MAX paket je dostupan na 12 Mjeseci. Mogu\u0107e je pretplatiti se na na\u0161u uslugu za 1, 2 ili 3 ure\u0111aja (konekcije) za istovremeno kori\u0161tenje. Za prikaz cijene izaberite \u017eeljeni broj ure\u0111aja.<\/p>","protected":false},"featured_media":15213,"template":"","meta":[],"product_brand":[],"product_cat":[509],"product_tag":[],"class_list":{"0":"post-15267","1":"product","2":"type-product","3":"status-publish","4":"has-post-thumbnail","6":"product_cat-premium-max-paketi","8":"first","9":"instock","10":"shipping-taxable","11":"purchasable","12":"product-type-variable"},"yoast_head":"<!-- This site is optimized with the Yoast SEO Premium plugin v27.0 (Yoast SEO v27.3) - https:\/\/yoast.com\/product\/yoast-seo-premium-wordpress\/ -->\n<title>Premium MAX | 12 Mjeseci - IPTV kanali<\/title>\n<meta name=\"description\" content=\"Odaberite jedan od na\u0161ih Premium IPTV Paketa i u\u017eivajte u vrhunskom kvalitetu na\u0161e usluge. IPTV Kanali dostupni za sve, stare i mlade.\" \/>\n<meta name=\"robots\" content=\"noindex, follow\" \/>\n<meta property=\"og:locale\" content=\"en_US\" \/>\n<meta property=\"og:type\" content=\"article\" \/>\n<meta property=\"og:title\" content=\"Premium MAX | 12 Mjeseci\" \/>\n<meta property=\"og:description\" content=\"Odaberite jedan od na\u0161ih Premium IPTV Paketa i u\u017eivajte u vrhunskom kvalitetu na\u0161e usluge. IPTV Kanali dostupni za sve, stare i mlade.\" \/>\n<meta property=\"og:url\" content=\"https:\/\/balkanplay.net\/en\/product\/premium-max-12-mjeseci\/\" \/>\n<meta property=\"og:site_name\" content=\"BalkanPlay\" \/>\n<meta property=\"article:publisher\" content=\"https:\/\/www.facebook.com\/BalkanPIay\" \/>\n<meta property=\"article:modified_time\" content=\"2026-03-21T03:51:37+00:00\" \/>\n<meta property=\"og:image\" content=\"https:\/\/balkanplay.net\/wp-content\/uploads\/2026\/03\/Start_12M.png\" \/>\n\t<meta property=\"og:image:width\" content=\"1000\" \/>\n\t<meta property=\"og:image:height\" content=\"1000\" \/>\n\t<meta property=\"og:image:type\" content=\"image\/png\" \/>\n<meta name=\"twitter:card\" content=\"summary_large_image\" \/>\n<script type=\"application\/ld+json\" class=\"yoast-schema-graph\">{\"@context\":\"https:\\\/\\\/schema.org\",\"@graph\":[{\"@type\":\"WebPage\",\"@id\":\"https:\\\/\\\/balkanplay.net\\\/product\\\/premium-max-12-mjeseci\\\/\",\"url\":\"https:\\\/\\\/balkanplay.net\\\/product\\\/premium-max-12-mjeseci\\\/\",\"name\":\"Premium MAX | 12 Mjeseci - IPTV kanali\",\"isPartOf\":{\"@id\":\"https:\\\/\\\/balkanplay.net\\\/#website\"},\"primaryImageOfPage\":{\"@id\":\"https:\\\/\\\/balkanplay.net\\\/product\\\/premium-max-12-mjeseci\\\/#primaryimage\"},\"image\":{\"@id\":\"https:\\\/\\\/balkanplay.net\\\/product\\\/premium-max-12-mjeseci\\\/#primaryimage\"},\"thumbnailUrl\":\"https:\\\/\\\/balkanplay.net\\\/wp-content\\\/uploads\\\/2026\\\/03\\\/Start_12M.png\",\"datePublished\":\"2026-03-21T01:01:09+00:00\",\"dateModified\":\"2026-03-21T03:51:37+00:00\",\"description\":\"Odaberite jedan od na\u0161ih Premium IPTV Paketa i u\u017eivajte u vrhunskom kvalitetu na\u0161e usluge. IPTV Kanali dostupni za sve, stare i mlade.\",\"breadcrumb\":{\"@id\":\"https:\\\/\\\/balkanplay.net\\\/product\\\/premium-max-12-mjeseci\\\/#breadcrumb\"},\"inLanguage\":\"en-US\",\"potentialAction\":[{\"@type\":\"ReadAction\",\"target\":[\"https:\\\/\\\/balkanplay.net\\\/product\\\/premium-max-12-mjeseci\\\/\"]}]},{\"@type\":\"ImageObject\",\"inLanguage\":\"en-US\",\"@id\":\"https:\\\/\\\/balkanplay.net\\\/product\\\/premium-max-12-mjeseci\\\/#primaryimage\",\"url\":\"https:\\\/\\\/balkanplay.net\\\/wp-content\\\/uploads\\\/2026\\\/03\\\/Start_12M.png\",\"contentUrl\":\"https:\\\/\\\/balkanplay.net\\\/wp-content\\\/uploads\\\/2026\\\/03\\\/Start_12M.png\",\"width\":1000,\"height\":1000,\"caption\":\"Premium MAX IPTV\"},{\"@type\":\"BreadcrumbList\",\"@id\":\"https:\\\/\\\/balkanplay.net\\\/product\\\/premium-max-12-mjeseci\\\/#breadcrumb\",\"itemListElement\":[{\"@type\":\"ListItem\",\"position\":1,\"name\":\"Home\",\"item\":\"https:\\\/\\\/balkanplay.net\\\/\"},{\"@type\":\"ListItem\",\"position\":2,\"name\":\"Shop\",\"item\":\"https:\\\/\\\/balkanplay.net\\\/shop\\\/\"},{\"@type\":\"ListItem\",\"position\":3,\"name\":\"Premium MAX | 12 Mjeseci\"}]},{\"@type\":\"WebSite\",\"@id\":\"https:\\\/\\\/balkanplay.net\\\/#website\",\"url\":\"https:\\\/\\\/balkanplay.net\\\/\",\"name\":\"BalkanPlay\",\"description\":\"EXYU IPTV Kanali\",\"publisher\":{\"@id\":\"https:\\\/\\\/balkanplay.net\\\/#organization\"},\"alternateName\":\"B-Play TV\",\"potentialAction\":[{\"@type\":\"SearchAction\",\"target\":{\"@type\":\"EntryPoint\",\"urlTemplate\":\"https:\\\/\\\/balkanplay.net\\\/?s={search_term_string}\"},\"query-input\":{\"@type\":\"PropertyValueSpecification\",\"valueRequired\":true,\"valueName\":\"search_term_string\"}}],\"inLanguage\":\"en-US\"},{\"@type\":\"Organization\",\"@id\":\"https:\\\/\\\/balkanplay.net\\\/#organization\",\"name\":\"BalkanPlay\",\"alternateName\":\"B-Play\",\"url\":\"https:\\\/\\\/balkanplay.net\\\/\",\"logo\":{\"@type\":\"ImageObject\",\"inLanguage\":\"en-US\",\"@id\":\"https:\\\/\\\/balkanplay.net\\\/#\\\/schema\\\/logo\\\/image\\\/\",\"url\":\"https:\\\/\\\/balkanplay.net\\\/wp-content\\\/uploads\\\/2025\\\/01\\\/logo_sin-1.svg\",\"contentUrl\":\"https:\\\/\\\/balkanplay.net\\\/wp-content\\\/uploads\\\/2025\\\/01\\\/logo_sin-1.svg\",\"width\":38,\"height\":40,\"caption\":\"BalkanPlay\"},\"image\":{\"@id\":\"https:\\\/\\\/balkanplay.net\\\/#\\\/schema\\\/logo\\\/image\\\/\"},\"sameAs\":[\"https:\\\/\\\/www.facebook.com\\\/BalkanPIay\",\"https:\\\/\\\/www.instagram.com\\\/exyu_bp\"]}]}<\/script>\n<!-- \/ Yoast SEO Premium plugin. -->","yoast_head_json":{"title":"Premium MAX | 12 Mjeseci - IPTV kanali","description":"Odaberite jedan od na\u0161ih Premium IPTV Paketa i u\u017eivajte u vrhunskom kvalitetu na\u0161e usluge. IPTV Kanali dostupni za sve, stare i mlade.","robots":{"index":"noindex","follow":"follow"},"og_locale":"en_US","og_type":"article","og_title":"Premium MAX | 12 Mjeseci","og_description":"Odaberite jedan od na\u0161ih Premium IPTV Paketa i u\u017eivajte u vrhunskom kvalitetu na\u0161e usluge. IPTV Kanali dostupni za sve, stare i mlade.","og_url":"https:\/\/balkanplay.net\/en\/product\/premium-max-12-mjeseci\/","og_site_name":"BalkanPlay","article_publisher":"https:\/\/www.facebook.com\/BalkanPIay","article_modified_time":"2026-03-21T03:51:37+00:00","og_image":[{"width":1000,"height":1000,"url":"https:\/\/balkanplay.net\/wp-content\/uploads\/2026\/03\/Start_12M.png","type":"image\/png"}],"twitter_card":"summary_large_image","schema":{"@context":"https:\/\/schema.org","@graph":[{"@type":"WebPage","@id":"https:\/\/balkanplay.net\/product\/premium-max-12-mjeseci\/","url":"https:\/\/balkanplay.net\/product\/premium-max-12-mjeseci\/","name":"Premium MAX | 12 Mjeseci - IPTV kanali","isPartOf":{"@id":"https:\/\/balkanplay.net\/#website"},"primaryImageOfPage":{"@id":"https:\/\/balkanplay.net\/product\/premium-max-12-mjeseci\/#primaryimage"},"image":{"@id":"https:\/\/balkanplay.net\/product\/premium-max-12-mjeseci\/#primaryimage"},"thumbnailUrl":"https:\/\/balkanplay.net\/wp-content\/uploads\/2026\/03\/Start_12M.png","datePublished":"2026-03-21T01:01:09+00:00","dateModified":"2026-03-21T03:51:37+00:00","description":"Odaberite jedan od na\u0161ih Premium IPTV Paketa i u\u017eivajte u vrhunskom kvalitetu na\u0161e usluge. IPTV Kanali dostupni za sve, stare i mlade.","breadcrumb":{"@id":"https:\/\/balkanplay.net\/product\/premium-max-12-mjeseci\/#breadcrumb"},"inLanguage":"en-US","potentialAction":[{"@type":"ReadAction","target":["https:\/\/balkanplay.net\/product\/premium-max-12-mjeseci\/"]}]},{"@type":"ImageObject","inLanguage":"en-US","@id":"https:\/\/balkanplay.net\/product\/premium-max-12-mjeseci\/#primaryimage","url":"https:\/\/balkanplay.net\/wp-content\/uploads\/2026\/03\/Start_12M.png","contentUrl":"https:\/\/balkanplay.net\/wp-content\/uploads\/2026\/03\/Start_12M.png","width":1000,"height":1000,"caption":"Premium MAX IPTV"},{"@type":"BreadcrumbList","@id":"https:\/\/balkanplay.net\/product\/premium-max-12-mjeseci\/#breadcrumb","itemListElement":[{"@type":"ListItem","position":1,"name":"Home","item":"https:\/\/balkanplay.net\/"},{"@type":"ListItem","position":2,"name":"Shop","item":"https:\/\/balkanplay.net\/shop\/"},{"@type":"ListItem","position":3,"name":"Premium MAX | 12 Mjeseci"}]},{"@type":"WebSite","@id":"https:\/\/balkanplay.net\/#website","url":"https:\/\/balkanplay.net\/","name":"BalkanPlay","description":"EXYU IPTV Kanali","publisher":{"@id":"https:\/\/balkanplay.net\/#organization"},"alternateName":"B-Play TV","potentialAction":[{"@type":"SearchAction","target":{"@type":"EntryPoint","urlTemplate":"https:\/\/balkanplay.net\/?s={search_term_string}"},"query-input":{"@type":"PropertyValueSpecification","valueRequired":true,"valueName":"search_term_string"}}],"inLanguage":"en-US"},{"@type":"Organization","@id":"https:\/\/balkanplay.net\/#organization","name":"BalkanPlay","alternateName":"B-Play","url":"https:\/\/balkanplay.net\/","logo":{"@type":"ImageObject","inLanguage":"en-US","@id":"https:\/\/balkanplay.net\/#\/schema\/logo\/image\/","url":"https:\/\/balkanplay.net\/wp-content\/uploads\/2025\/01\/logo_sin-1.svg","contentUrl":"https:\/\/balkanplay.net\/wp-content\/uploads\/2025\/01\/logo_sin-1.svg","width":38,"height":40,"caption":"BalkanPlay"},"image":{"@id":"https:\/\/balkanplay.net\/#\/schema\/logo\/image\/"},"sameAs":["https:\/\/www.facebook.com\/BalkanPIay","https:\/\/www.instagram.com\/exyu_bp"]}]}},"_links":{"self":[{"href":"https:\/\/balkanplay.net\/en\/wp-json\/wp\/v2\/product\/15267","targetHints":{"allow":["GET"]}}],"collection":[{"href":"https:\/\/balkanplay.net\/en\/wp-json\/wp\/v2\/product"}],"about":[{"href":"https:\/\/balkanplay.net\/en\/wp-json\/wp\/v2\/types\/product"}],"version-history":[{"count":1,"href":"https:\/\/balkanplay.net\/en\/wp-json\/wp\/v2\/product\/15267\/revisions"}],"predecessor-version":[{"id":15271,"href":"https:\/\/balkanplay.net\/en\/wp-json\/wp\/v2\/product\/15267\/revisions\/15271"}],"wp:featuredmedia":[{"embeddable":true,"href":"https:\/\/balkanplay.net\/en\/wp-json\/wp\/v2\/media\/15213"}],"wp:attachment":[{"href":"https:\/\/balkanplay.net\/en\/wp-json\/wp\/v2\/media?parent=15267"}],"wp:term":[{"taxonomy":"product_brand","embeddable":true,"href":"https:\/\/balkanplay.net\/en\/wp-json\/wp\/v2\/product_brand?post=15267"},{"taxonomy":"product_cat","embeddable":true,"href":"https:\/\/balkanplay.net\/en\/wp-json\/wp\/v2\/product_cat?post=15267"},{"taxonomy":"product_tag","embeddable":true,"href":"https:\/\/balkanplay.net\/en\/wp-json\/wp\/v2\/product_tag?post=15267"}],"curies":[{"name":"wp","href":"https:\/\/api.w.org\/{rel}","templated":true}]}}